{"id":1326,"date":"2015-10-27T15:56:20","date_gmt":"2015-10-27T15:56:20","guid":{"rendered":"https:\/\/startit.qodeinteractive.com\/?page_id=1326"},"modified":"2024-11-22T21:57:09","modified_gmt":"2024-11-22T21:57:09","slug":"e-donusum-urunleri","status":"publish","type":"page","link":"https:\/\/www.bilisimpenceresi.com\/index.php\/e-donusum-urunleri\/","title":{"rendered":"E-D\u00f6n\u00fc\u015f\u00fcm \u00dcr\u00fcnleri"},"content":{"rendered":"<div class=\"wpb-content-wrapper\"><p>[vc_row content_width=&#8221;grid&#8221; content_aligment=&#8221;center&#8221; css=&#8221;.vc_custom_1446195779198{padding-top: 65px !important;padding-bottom: 65px !important;}&#8221;][vc_column offset=&#8221;vc_col-lg-offset-2 vc_col-lg-8&#8243;][vc_column_text css=&#8221;&#8221;]<\/p>\n<h2 style=\"text-align: center;\">E-D\u00f6n\u00fc\u015f\u00fcmle \u0130\u015finizi Dijitale Ta\u015f\u0131y\u0131n<\/h2>\n<h2 style=\"text-align: center;\">Gelece\u011fe Haz\u0131r Olun!<\/h2>\n<p>[\/vc_column_text][vc_empty_space height=&#8221;16px&#8221;][vc_column_text css=&#8221;&#8221;][\/vc_column_text][\/vc_column][\/vc_row][vc_row content_width=&#8221;grid&#8221; content_aligment=&#8221;center&#8221; css=&#8221;.vc_custom_1446195795141{padding-bottom: 30px !important;}&#8221;][vc_column width=&#8221;1\/2&#8243; offset=&#8221;vc_col-lg-3 vc_col-md-6&#8243;]\n    <span class=\"qodef-icon-shortcode circle checked\" style=\"width: 116px;height: 116px;line-height: 116px;background-color: #797979\" >\n        \n        <i class=\"qodef-icon-simple-line-icon icon-pencil qodef-icon-element\" style=\"font-size:35px\" ><\/i>\n            <\/span>\n\n[vc_empty_space height=&#8221;39px&#8221;][vc_column_text css=&#8221;&#8221;]<\/p>\n<h5>E-Fatura<\/h5>\n<p>[\/vc_column_text][vc_empty_space height=&#8221;17px&#8221;][vc_column_text css=&#8221;&#8221;]<strong>E-Fatura: \u0130\u015fletmenizin Dijital D\u00f6n\u00fc\u015f\u00fcm Anahtar\u0131!<\/strong><\/p>\n<p>E-Fatura \u00e7\u00f6z\u00fcm\u00fcm\u00fczle i\u015fletmenizin muhasebe s\u00fcre\u00e7lerini h\u0131zland\u0131r\u0131n ve maliyetleri d\u00fc\u015f\u00fcr\u00fcn. Ka\u011f\u0131t kullan\u0131m\u0131n\u0131 ortadan kald\u0131rarak \u00e7evre dostu bir \u00e7\u00f6z\u00fcm sunuyor, ayn\u0131 zamanda yasal uyumlulu\u011fu garanti ediyoruz. Kolay entegrasyon, h\u0131zl\u0131 i\u015flem ve g\u00fcvenilir veri y\u00f6netimi ile i\u015flerinizi kolayla\u015ft\u0131r\u0131n. Modern ticaretin vazge\u00e7ilmezi olan e-Fatura sistemine ge\u00e7mek i\u00e7in bize ula\u015f\u0131n, i\u015fletmenize \u00f6zel avantajlar\u0131 ke\u015ffedin![\/vc_column_text][vc_empty_space height=&#8221;40px&#8221;][vc_btn title=&#8221;Detayl\u0131 bilgi i\u00e7in t\u0131klay\u0131n\u0131z.&#8221; css=&#8221;&#8221; link=&#8221;url:https%3A%2F%2Fwww.bilisimpenceresi.com%2Findex.php%2Filetisim%2F&#8221;][\/vc_column][vc_column width=&#8221;1\/2&#8243; offset=&#8221;vc_col-lg-3 vc_col-md-6&#8243;]\n    <span class=\"qodef-icon-shortcode circle checked\" style=\"width: 116px;height: 116px;line-height: 116px;background-color: #797979\" >\n        \n        <i class=\"qodef-icon-simple-line-icon icon-screen-desktop qodef-icon-element\" style=\"font-size:35px\" ><\/i>\n            <\/span>\n\n[vc_empty_space height=&#8221;39px&#8221;][vc_column_text css=&#8221;&#8221;]<\/p>\n<h5>E-Ar\u015fiv Fatura<\/h5>\n<p>[\/vc_column_text][vc_empty_space height=&#8221;17px&#8221;][vc_column_text css=&#8221;&#8221;]<strong>E-Ar\u015fiv Fatura: Dijital Faturaland\u0131rmada Yeni D\u00f6nem!<\/strong><\/p>\n<p>E-Ar\u015fiv Fatura \u00e7\u00f6z\u00fcm\u00fcm\u00fcz, i\u015fletmenizin ka\u011f\u0131t faturalar\u0131n\u0131 dijital ortama ta\u015f\u0131yarak maliyetleri d\u00fc\u015f\u00fcr\u00fcr ve s\u00fcre\u00e7lerinizi h\u0131zland\u0131r\u0131r. Yasal mevzuata tam uyumluluk sa\u011flayan sistem, \u00f6zellikle vergi m\u00fckellefi olmayan m\u00fc\u015fterilere ve yurt d\u0131\u015f\u0131na yap\u0131lan sat\u0131\u015flarda ideal bir \u00e7\u00f6z\u00fcmd\u00fcr. T\u00fcm faturalar\u0131n\u0131z\u0131 g\u00fcvenli bir \u015fekilde saklayabilir, h\u0131zl\u0131 bir \u015fekilde d\u00fczenleyip payla\u015fabilirsiniz. \u0130\u015fletmenizi gelece\u011fe ta\u015f\u0131mak i\u00e7in E-Ar\u015fiv Fatura ile tan\u0131\u015f\u0131n, dijital d\u00f6n\u00fc\u015f\u00fcm f\u0131rsatlar\u0131n\u0131 yakalay\u0131n![\/vc_column_text][vc_empty_space height=&#8221;40px&#8221;][vc_btn title=&#8221;Detayl\u0131 bilgi i\u00e7in t\u0131klay\u0131n\u0131z.&#8221; css=&#8221;&#8221; link=&#8221;url:https%3A%2F%2Fwww.bilisimpenceresi.com%2Findex.php%2Filetisim%2F&#8221;][\/vc_column][vc_column width=&#8221;1\/2&#8243; offset=&#8221;vc_col-lg-3 vc_col-md-6&#8243;]\n    <span class=\"qodef-icon-shortcode circle checked\" style=\"width: 116px;height: 116px;line-height: 116px;background-color: #797979\" >\n        \n        <i class=\"qodef-icon-simple-line-icon icon-wrench qodef-icon-element\" style=\"font-size:35px\" ><\/i>\n            <\/span>\n\n[vc_empty_space height=&#8221;39px&#8221;][vc_column_text css=&#8221;&#8221;]<\/p>\n<h5>E-\u0130rsaliye<\/h5>\n<p>[\/vc_column_text][vc_empty_space height=&#8221;17px&#8221;][vc_column_text css=&#8221;&#8221;]<strong>E-\u0130rsaliye: Sevkiyat S\u00fcre\u00e7lerinizi Dijitalle\u015ftirin!<\/strong><\/p>\n<p>E-\u0130rsaliye \u00e7\u00f6z\u00fcm\u00fcm\u00fczle sevkiyat operasyonlar\u0131n\u0131z\u0131 daha h\u0131zl\u0131, kolay ve g\u00fcvenilir hale getirin. Ka\u011f\u0131t irsaliyelerin yerine ge\u00e7en bu yasal ve dijital sistem, hem maliyetlerinizi d\u00fc\u015f\u00fcr\u00fcr hem de hata riskini ortadan kald\u0131r\u0131r. Gelir \u0130daresi Ba\u015fkanl\u0131\u011f\u0131 (G\u0130B) uyumlulu\u011fu ile sevkiyat s\u00fcre\u00e7lerinizi takip edebilir, entegrasyon deste\u011fimizle t\u00fcm i\u015f s\u00fcre\u00e7lerinizi sorunsuz y\u00f6netebilirsiniz. Dijital d\u00f6n\u00fc\u015f\u00fcm\u00fcn\u00fcz\u00fc ba\u015flatmak i\u00e7in bizimle ileti\u015fime ge\u00e7in, i\u015fletmenize \u00f6zel avantajlar\u0131 ke\u015ffedin![\/vc_column_text][vc_empty_space height=&#8221;40px&#8221;][vc_btn title=&#8221;Detayl\u0131 bilgi i\u00e7in t\u0131klay\u0131n\u0131z.&#8221; css=&#8221;&#8221; link=&#8221;url:https%3A%2F%2Fwww.bilisimpenceresi.com%2Findex.php%2Filetisim%2F&#8221;][\/vc_column][vc_column width=&#8221;1\/2&#8243; offset=&#8221;vc_col-lg-3 vc_col-md-6&#8243;]\n    <span class=\"qodef-icon-shortcode circle checked\" style=\"width: 116px;height: 116px;line-height: 116px;background-color: #797979\" >\n        \n        <i class=\"qodef-icon-simple-line-icon icon-settings qodef-icon-element\" style=\"font-size:35px\" ><\/i>\n            <\/span>\n\n[vc_empty_space height=&#8221;39px&#8221;][vc_column_text css=&#8221;&#8221;]<\/p>\n<h5>E-Defter<\/h5>\n<p>[\/vc_column_text][vc_empty_space height=&#8221;17px&#8221;][vc_column_text css=&#8221;&#8221;]<strong>E-Defter: Muhasebenizi Dijitalle\u015ftirin, Zamandan ve Maliyetten Tasarruf Edin!<\/strong><\/p>\n<p>E-Defter \u00e7\u00f6z\u00fcm\u00fcm\u00fczle, yasal defterlerinizi elektronik ortamda kolayca olu\u015fturun, g\u00fcvenle saklay\u0131n ve Gelir \u0130daresi Ba\u015fkanl\u0131\u011f\u0131\u2019na (G\u0130B) uyumlu \u015fekilde sunun. Ka\u011f\u0131t kullan\u0131m\u0131n\u0131 ortadan kald\u0131rarak maliyetleri d\u00fc\u015f\u00fcr\u00fcrken, denetim s\u00fcre\u00e7lerinizi h\u0131zland\u0131r\u0131n. Kolay entegrasyon ve g\u00fcvenilir veri y\u00f6netimiyle muhasebe i\u015flerinizi daha pratik hale getirin. Dijital muhasebenin avantajlar\u0131n\u0131 ke\u015ffetmek i\u00e7in E-Defter \u00e7\u00f6z\u00fcmlerimizle tan\u0131\u015f\u0131n, i\u015fletmenizi bir ad\u0131m \u00f6ne ta\u015f\u0131y\u0131n![\/vc_column_text][vc_empty_space height=&#8221;40px&#8221;][vc_btn title=&#8221;Detayl\u0131 bilgi i\u00e7in t\u0131klay\u0131n\u0131z.&#8221; css=&#8221;&#8221; link=&#8221;url:https%3A%2F%2Fwww.bilisimpenceresi.com%2Findex.php%2Filetisim%2F&#8221;][\/vc_column][\/vc_row][vc_row content_width=&#8221;grid&#8221; content_aligment=&#8221;center&#8221; css=&#8221;.vc_custom_1446195861416{padding-top: 65px !important;padding-bottom: 65px !important;background-color: #f4f4f4 !important;}&#8221;][vc_column offset=&#8221;vc_col-lg-offset-2 vc_col-lg-8&#8243;][vc_column_text css=&#8221;&#8221;]<\/p>\n<h2 style=\"text-align: center;\">Dijitalle\u015f, Gelece\u011fi Y\u00f6net: E-D\u00f6n\u00fc\u015f\u00fcm Yan\u0131nda!<\/h2>\n<p>[\/vc_column_text][vc_empty_space height=&#8221;16px&#8221;][vc_column_text css=&#8221;&#8221;][\/vc_column_text][\/vc_column][\/vc_row][vc_row content_width=&#8221;grid&#8221; content_aligment=&#8221;center&#8221; css=&#8221;.vc_custom_1446195866927{padding-bottom: 30px !important;background-color: #f4f4f4 !important;}&#8221;][vc_column width=&#8221;1\/2&#8243; offset=&#8221;vc_col-lg-3 vc_col-md-6&#8243;]\n    <span class=\"qodef-icon-shortcode circle checked\" style=\"width: 116px;height: 116px;line-height: 116px;background-color: #797979\" >\n        \n        <i class=\"qodef-icon-simple-line-icon icon-pencil qodef-icon-element\" style=\"font-size:35px\" ><\/i>\n            <\/span>\n\n[vc_empty_space height=&#8221;39px&#8221;][vc_column_text css=&#8221;&#8221;]<\/p>\n<h5>E-M\u00fcstahsil Makbuzu<\/h5>\n<p>[\/vc_column_text][vc_empty_space height=&#8221;17px&#8221;][vc_column_text css=&#8221;&#8221;]<\/p>\n<div class=\"flex-shrink-0 flex flex-col relative items-end\">\n<div>\n<div class=\"pt-0\">\n<div class=\"gizmo-bot-avatar flex h-8 w-8 items-center justify-center overflow-hidden rounded-full\">\n<div class=\"relative p-1 rounded-sm flex items-center justify-center bg-token-main-surface-primary text-token-text-primary h-8 w-8\"><\/div>\n<\/div>\n<\/div>\n<\/div>\n<\/div>\n<div class=\"group\/conversation-turn relative flex w-full min-w-0 flex-col agent-turn\">\n<div class=\"flex-col gap-1 md:gap-3\">\n<div class=\"flex max-w-full flex-col flex-grow\">\n<div class=\"min-h-8 text-message flex w-full flex-col items-end gap-2 whitespace-normal break-words [.text-message+&amp;]:mt-5\" dir=\"auto\" data-message-author-role=\"assistant\" data-message-id=\"2701fc36-8ca1-4b4e-b108-ac249e76f564\" data-client-thread-id=\"WEB:1a110180-e45c-4568-82c4-b68f61a2be45\" data-message-model-slug=\"gpt-4o\">\n<div class=\"flex w-full flex-col gap-1 empty:hidden first:pt-[3px]\">\n<div class=\"markdown prose w-full break-words dark:prose-invert light\">\n<p><strong>E-M\u00fcstahsil Makbuzu: Tar\u0131m ve Ticarette Dijital D\u00f6n\u00fc\u015f\u00fcm!<\/strong><\/p>\n<p>E-M\u00fcstahsil Makbuzu \u00e7\u00f6z\u00fcm\u00fcm\u00fczle tar\u0131msal \u00fcr\u00fcn al\u0131mlar\u0131n\u0131z\u0131 dijitalle\u015ftirin, ka\u011f\u0131t makbuzlar\u0131n yerini g\u00fcvenilir ve yasal elektronik belgeler als\u0131n. Gelir \u0130daresi Ba\u015fkanl\u0131\u011f\u0131 (G\u0130B) uyumlu sistemimiz, maliyetlerinizi d\u00fc\u015f\u00fcr\u00fcr, i\u015flemlerinizi h\u0131zland\u0131r\u0131r ve hata riskini ortadan kald\u0131r\u0131r. T\u00fcm i\u015flemlerinizin kayd\u0131n\u0131 dijital ortamda g\u00fcvenle tutarak hem kolayl\u0131k hem de mevzuata uyum sa\u011flay\u0131n. Tar\u0131m ve ticarette dijitalle\u015fmenin avantajlar\u0131n\u0131 ke\u015ffetmek i\u00e7in bizimle ileti\u015fime ge\u00e7in!<\/p>\n<\/div>\n<\/div>\n<\/div>\n<\/div>\n<\/div>\n<\/div>\n<p>[\/vc_column_text][vc_empty_space height=&#8221;40px&#8221;][vc_btn title=&#8221;Detayl\u0131 bilgi i\u00e7in t\u0131klay\u0131n\u0131z.&#8221; css=&#8221;&#8221; link=&#8221;url:https%3A%2F%2Fwww.bilisimpenceresi.com%2Findex.php%2Filetisim%2F&#8221;][\/vc_column][vc_column width=&#8221;1\/2&#8243; offset=&#8221;vc_col-lg-3 vc_col-md-6&#8243;]\n    <span class=\"qodef-icon-shortcode circle checked\" style=\"width: 116px;height: 116px;line-height: 116px;background-color: #797979\" >\n        \n        <i class=\"qodef-icon-simple-line-icon icon-screen-desktop qodef-icon-element\" style=\"font-size:35px\" ><\/i>\n            <\/span>\n\n[vc_empty_space height=&#8221;39px&#8221;][vc_column_text css=&#8221;&#8221;]<\/p>\n<h5>E-Mutabakat<\/h5>\n<p>[\/vc_column_text][vc_empty_space height=&#8221;17px&#8221;][vc_column_text css=&#8221;&#8221;]<strong>E-Mutabakat: Finansal Uyumda H\u0131z ve G\u00fcven!<\/strong><\/p>\n<p>E-Mutabakat \u00e7\u00f6z\u00fcm\u00fcm\u00fczle cari hesap ve bakiye mutabakatlar\u0131n\u0131z\u0131 manuel i\u015flemlere gerek kalmadan kolayca y\u00f6netin. Ka\u011f\u0131t ve posta maliyetlerini ortadan kald\u0131ran bu dijital sistem, i\u015fletmeler aras\u0131nda h\u0131zl\u0131 ve g\u00fcvenilir bir ileti\u015fim sa\u011flar. T\u00fcm mutabakat s\u00fcre\u00e7lerinizi daha \u015feffaf ve hatas\u0131z hale getirirken, zamandan tasarruf edersiniz. \u0130\u015fletmenizin finansal y\u00f6netimini dijitalle\u015ftirmek i\u00e7in E-Mutabakat \u00e7\u00f6z\u00fcmlerimizle tan\u0131\u015f\u0131n, avantajl\u0131 bir ba\u015flang\u0131\u00e7 yap\u0131n![\/vc_column_text][vc_empty_space height=&#8221;40px&#8221;][vc_btn title=&#8221;Detayl\u0131 bilgi i\u00e7in t\u0131klay\u0131n\u0131z.&#8221; css=&#8221;&#8221; link=&#8221;url:https%3A%2F%2Fwww.bilisimpenceresi.com%2Findex.php%2Filetisim%2F&#8221;][\/vc_column][vc_column width=&#8221;1\/2&#8243; offset=&#8221;vc_col-lg-3 vc_col-md-6&#8243;]\n    <span class=\"qodef-icon-shortcode circle checked\" style=\"width: 116px;height: 116px;line-height: 116px;background-color: #797979\" >\n        \n        <i class=\"qodef-icon-simple-line-icon icon-wrench qodef-icon-element\" style=\"font-size:35px\" ><\/i>\n            <\/span>\n\n[vc_empty_space height=&#8221;39px&#8221;][vc_column_text css=&#8221;&#8221;]<\/p>\n<h5>SAP E-D\u00f6n\u00fc\u015f\u00fcm \u00c7\u00f6z\u00fcmleri<\/h5>\n<p>[\/vc_column_text][vc_empty_space height=&#8221;17px&#8221;][vc_column_text css=&#8221;&#8221;]<\/p>\n<div class=\"flex-shrink-0 flex flex-col relative items-end\">\n<div>\n<div class=\"pt-0\">\n<div class=\"gizmo-bot-avatar flex h-8 w-8 items-center justify-center overflow-hidden rounded-full\">\n<div class=\"relative p-1 rounded-sm flex items-center justify-center bg-token-main-surface-primary text-token-text-primary h-8 w-8\"><\/div>\n<\/div>\n<\/div>\n<\/div>\n<\/div>\n<div class=\"group\/conversation-turn relative flex w-full min-w-0 flex-col agent-turn\">\n<div class=\"flex-col gap-1 md:gap-3\">\n<div class=\"flex max-w-full flex-col flex-grow\">\n<div class=\"min-h-8 text-message flex w-full flex-col items-end gap-2 whitespace-normal break-words [.text-message+&amp;]:mt-5\" dir=\"auto\" data-message-author-role=\"assistant\" data-message-id=\"441c7217-ec5b-466b-be41-2bea0c357101\" data-client-thread-id=\"WEB:1a110180-e45c-4568-82c4-b68f61a2be45\" data-message-model-slug=\"gpt-4o\">\n<div class=\"flex w-full flex-col gap-1 empty:hidden first:pt-[3px]\">\n<div class=\"markdown prose w-full break-words dark:prose-invert light\">\n<p><strong>SAP E-D\u00f6n\u00fc\u015f\u00fcm \u00c7\u00f6z\u00fcmleri: \u0130\u015f S\u00fcre\u00e7lerinizde Maksimum Verimlilik!<\/strong><\/p>\n<p>SAP E-D\u00f6n\u00fc\u015f\u00fcm \u00e7\u00f6z\u00fcmlerimizle i\u015fletmenizin e-Fatura, e-\u0130rsaliye, e-Defter ve di\u011fer dijital s\u00fcre\u00e7lerini u\u00e7tan uca y\u00f6netin. SAP\u2019nin g\u00fc\u00e7l\u00fc altyap\u0131s\u0131 ve tam entegrasyon deste\u011fi sayesinde i\u015f s\u00fcre\u00e7lerinizi h\u0131zland\u0131r\u0131rken yasal uyumlulu\u011fu garanti alt\u0131na al\u0131n. Veri g\u00fcvenli\u011fi, otomasyon ve \u015feffafl\u0131kla dijital d\u00f6n\u00fc\u015f\u00fcmde rakiplerinizin bir ad\u0131m \u00f6n\u00fcne ge\u00e7in. SAP\u2019nin \u00fcst\u00fcn teknolojisiyle e-d\u00f6n\u00fc\u015f\u00fcm \u00e7\u00f6z\u00fcmlerimiz hakk\u0131nda daha fazla bilgi almak i\u00e7in bizimle ileti\u015fime ge\u00e7in, i\u015fletmenizi gelece\u011fe ta\u015f\u0131y\u0131n!<\/p>\n<\/div>\n<\/div>\n<\/div>\n<\/div>\n<\/div>\n<\/div>\n<p>[\/vc_column_text][vc_empty_space height=&#8221;40px&#8221;][vc_btn title=&#8221;Detayl\u0131 bilgi i\u00e7in t\u0131klay\u0131n\u0131z.&#8221; css=&#8221;&#8221; link=&#8221;url:https%3A%2F%2Fwww.bilisimpenceresi.com%2Findex.php%2Filetisim%2F&#8221;][\/vc_column][vc_column width=&#8221;1\/2&#8243; offset=&#8221;vc_col-lg-3 vc_col-md-6&#8243;]\n    <span class=\"qodef-icon-shortcode circle checked\" style=\"width: 116px;height: 116px;line-height: 116px;background-color: #797979\" >\n        \n        <i class=\"qodef-icon-simple-line-icon icon-settings qodef-icon-element\" style=\"font-size:35px\" ><\/i>\n            <\/span>\n\n[vc_empty_space height=&#8221;39px&#8221;][vc_column_text css=&#8221;&#8221;]<\/p>\n<h5>E-Serbest Meslek Makbuzu<\/h5>\n<p>[\/vc_column_text][vc_empty_space height=&#8221;17px&#8221;][vc_column_text css=&#8221;&#8221;]<strong>E-Serbest Meslek Makbuzu: Dijital Kolayl\u0131k, H\u0131zl\u0131 \u0130\u015flemler!<\/strong><\/p>\n<p>E-Serbest Meslek Makbuzu \u00e7\u00f6z\u00fcm\u00fcm\u00fczle serbest meslek kazan\u00e7lar\u0131n\u0131z\u0131 dijital ortamda g\u00fcvenle d\u00fczenleyin ve y\u00f6netin. Gelir \u0130daresi Ba\u015fkanl\u0131\u011f\u0131 (G\u0130B) mevzuat\u0131na tam uyumlu bu sistem, ka\u011f\u0131t kullan\u0131m\u0131n\u0131 ortadan kald\u0131rarak i\u015flemlerinizi h\u0131zland\u0131r\u0131r ve maliyetlerinizi d\u00fc\u015f\u00fcr\u00fcr. Makbuzlar\u0131n\u0131z\u0131 pratik bir \u015fekilde olu\u015fturun, payla\u015f\u0131n ve ar\u015fivleyin. Dijitalle\u015fmenin sa\u011flad\u0131\u011f\u0131 kolayl\u0131kla zamandan tasarruf etmek i\u00e7in E-Serbest Meslek Makbuzu \u00e7\u00f6z\u00fcmlerimizle tan\u0131\u015f\u0131n, i\u015flerinizi modernle\u015ftirin![\/vc_column_text][vc_empty_space height=&#8221;40px&#8221;][vc_btn title=&#8221;Detayl\u0131 bilgi i\u00e7in t\u0131klay\u0131n\u0131z.&#8221; css=&#8221;&#8221; link=&#8221;url:https%3A%2F%2Fwww.bilisimpenceresi.com%2Findex.php%2Filetisim%2F&#8221;][\/vc_column][\/vc_row]<\/p>\n<\/div>","protected":false},"excerpt":{"rendered":"<p>[vc_row content_width=&#8221;grid&#8221; content_aligment=&#8221;center&#8221; css=&#8221;.vc_custom_1446195779198{padding-top: 65px !important;padding-bottom: 65px !important;}&#8221;][vc_column offset=&#8221;vc_col-lg-offset-2 vc_col-lg-8&#8243;][vc_column_text css=&#8221;&#8221;] E-D\u00f6n\u00fc\u015f\u00fcmle \u0130\u015finizi Dijitale Ta\u015f\u0131y\u0131n Gelece\u011fe Haz\u0131r Olun! [\/vc_column_text][vc_empty_space height=&#8221;16px&#8221;][vc_column_text css=&#8221;&#8221;][\/vc_column_text][\/vc_column][\/vc_row][vc_row content_width=&#8221;grid&#8221; content_aligment=&#8221;center&#8221; css=&#8221;.vc_custom_1446195795141{padding-bottom: 30px !important;}&#8221;][vc_column width=&#8221;1\/2&#8243; offset=&#8221;vc_col-lg-3 vc_col-md-6&#8243;][vc_empty_space height=&#8221;39px&#8221;][vc_column_text css=&#8221;&#8221;] E-Fatura [\/vc_column_text][vc_empty_space height=&#8221;17px&#8221;][vc_column_text css=&#8221;&#8221;]E-Fatura: \u0130\u015fletmenizin Dijital D\u00f6n\u00fc\u015f\u00fcm Anahtar\u0131! E-Fatura \u00e7\u00f6z\u00fcm\u00fcm\u00fczle i\u015fletmenizin muhasebe s\u00fcre\u00e7lerini h\u0131zland\u0131r\u0131n&#8230;<\/p>\n","protected":false},"author":1,"featured_media":0,"parent":0,"menu_order":0,"comment_status":"closed","ping_status":"closed","template":"full-width.php","meta":{"om_disable_all_campaigns":false,"footnotes":""},"class_list":["post-1326","page","type-page","status-publish","hentry"],"aioseo_notices":[],"_links":{"self":[{"href":"https:\/\/www.bilisimpenceresi.com\/index.php\/wp-json\/wp\/v2\/pages\/1326"}],"collection":[{"href":"https:\/\/www.bilisimpenceresi.com\/index.php\/wp-json\/wp\/v2\/pages"}],"about":[{"href":"https:\/\/www.bilisimpenceresi.com\/index.php\/wp-json\/wp\/v2\/types\/page"}],"author":[{"embeddable":true,"href":"https:\/\/www.bilisimpenceresi.com\/index.php\/wp-json\/wp\/v2\/users\/1"}],"replies":[{"embeddable":true,"href":"https:\/\/www.bilisimpenceresi.com\/index.php\/wp-json\/wp\/v2\/comments?post=1326"}],"version-history":[{"count":7,"href":"https:\/\/www.bilisimpenceresi.com\/index.php\/wp-json\/wp\/v2\/pages\/1326\/revisions"}],"predecessor-version":[{"id":6701,"href":"https:\/\/www.bilisimpenceresi.com\/index.php\/wp-json\/wp\/v2\/pages\/1326\/revisions\/6701"}],"wp:attachment":[{"href":"https:\/\/www.bilisimpenceresi.com\/index.php\/wp-json\/wp\/v2\/media?parent=1326"}],"curies":[{"name":"wp","href":"https:\/\/api.w.org\/{rel}","templated":true}]}}